{"id":2,"date":"2026-01-02T15:39:27","date_gmt":"2026-01-02T15:39:27","guid":{"rendered":"https:\/\/www.bridgeboys.dk\/?page_id=2"},"modified":"2026-03-06T08:58:25","modified_gmt":"2026-03-06T08:58:25","slug":"sample-page","status":"publish","type":"page","link":"https:\/\/www.bridgeboys.dk\/","title":{"rendered":""},"content":{"rendered":"\n<p style=\"font-size:20px\"><strong>9. runde &#8211; den 05-03-2026<\/strong><\/p>\n\n\n\n<p>Vi startede med f\u00f8lgende opstilling:<br>Hold 1: Carsten og Villy + Claus og Niels<br>Hold 2: Marius og Aage + Fin og Hans J\u00f8rgen<br><br>Hold 1 f\u00f8rte ved pausen med 29-9<br>men hold 2 vandt 2. halvleg med 48-30<br>Slutstillingen blev: 59-57 imp og det giver en sejr til hold 1 p\u00e5 10,50 \u2013 9,50 kmp<br><br>Link til:<mark style=\"background-color:rgba(0, 0, 0, 0)\" class=\"has-inline-color has-vivid-cyan-blue-color\"><strong>\u00a0<\/strong><\/mark><strong><a href=\"https:\/\/drive.google.com\/file\/d\/1Ud240h74FN_r41dNDEY-PqQgTXugkygP\/view?usp=sharing\" target=\"_blank\" rel=\"noreferrer noopener\"><mark style=\"background-color:#ffffff\" class=\"has-inline-color has-vivid-cyan-blue-color\">kampen<\/mark><\/a><\/strong>\u00a0og<a href=\"https:\/\/drive.google.com\/file\/d\/1r1V_IMIOgPCIkc57hsW-OeHSfQ8WtnmH\/view?usp=sharing\">\u00a0<\/a><strong><a href=\"https:\/\/drive.google.com\/file\/d\/1FEshrZzgrXb_H57QgpAuvfLqrEpWsJlt\/view?usp=sharing\" target=\"_blank\" rel=\"noreferrer noopener\"><mark style=\"background-color:#ffffff\" class=\"has-inline-color has-vivid-cyan-blue-color\">24 spil<\/mark><\/a><\/strong><br><br>Der var slem i spil 3 og spil 19, men de blev ikke meldt.<br>&#8211; det var de 2 slemmer der var i dag&#x1f609;<br><br>Tak for kampen.<br>Vi m\u00f8des igen den 19\/3 kl. 18:00 til kampen mod damerne<\/p>\n\n\n\n<p><\/p>\n","protected":false},"excerpt":{"rendered":"<p>9. runde &#8211; den 05-03-2026 Vi startede med f\u00f8lgende opstilling:Hold 1: Carsten og Villy + Claus og NielsHold 2: Marius og Aage + Fin og Hans J\u00f8rgen Hold 1 f\u00f8rte ved pausen med 29-9men hold 2 vandt 2. halvleg med <span class=\"excerpt-dots\">&hellip;<\/span> <a class=\"more-link\" href=\"https:\/\/www.bridgeboys.dk\/\"><span class=\"more-msg\">L\u00e6s resten &rarr;<\/span><\/a><\/p>\n","protected":false},"author":1,"featured_media":0,"parent":0,"menu_order":0,"comment_status":"closed","ping_status":"open","template":"","meta":{"footnotes":""},"class_list":["post-2","page","type-page","status-publish","hentry"],"_links":{"self":[{"href":"https:\/\/www.bridgeboys.dk\/index.php?rest_route=\/wp\/v2\/pages\/2","targetHints":{"allow":["GET"]}}],"collection":[{"href":"https:\/\/www.bridgeboys.dk\/index.php?rest_route=\/wp\/v2\/pages"}],"about":[{"href":"https:\/\/www.bridgeboys.dk\/index.php?rest_route=\/wp\/v2\/types\/page"}],"author":[{"embeddable":true,"href":"https:\/\/www.bridgeboys.dk\/index.php?rest_route=\/wp\/v2\/users\/1"}],"replies":[{"embeddable":true,"href":"https:\/\/www.bridgeboys.dk\/index.php?rest_route=%2Fwp%2Fv2%2Fcomments&post=2"}],"version-history":[{"count":27,"href":"https:\/\/www.bridgeboys.dk\/index.php?rest_route=\/wp\/v2\/pages\/2\/revisions"}],"predecessor-version":[{"id":127,"href":"https:\/\/www.bridgeboys.dk\/index.php?rest_route=\/wp\/v2\/pages\/2\/revisions\/127"}],"wp:attachment":[{"href":"https:\/\/www.bridgeboys.dk\/index.php?rest_route=%2Fwp%2Fv2%2Fmedia&parent=2"}],"curies":[{"name":"wp","href":"https:\/\/api.w.org\/{rel}","templated":true}]}}