{"id":74,"date":"2026-01-09T19:43:41","date_gmt":"2026-01-09T19:43:41","guid":{"rendered":"https:\/\/www.bridgeboys.dk\/?page_id=74"},"modified":"2026-01-09T20:42:27","modified_gmt":"2026-01-09T20:42:27","slug":"kampen-mod-dalgas-knights","status":"publish","type":"page","link":"https:\/\/www.bridgeboys.dk\/?page_id=74","title":{"rendered":"kampen mod Dalgas Knights"},"content":{"rendered":"\n<div class=\"wp-block-columns is-layout-flex wp-container-core-columns-is-layout-9d6595d7 wp-block-columns-is-layout-flex\">\n<div class=\"wp-block-column is-layout-flow wp-block-column-is-layout-flow\" style=\"flex-basis:66.66%\">\n<p>Den 3. januar 2026 spillede vi \u00e5rets vigtigste kamp.<br>Kampen mellem Bridgeboys og Dalgas Knights<\/p>\n\n\n\n<p>Det var 27. gang kampen blev spillet<\/p>\n\n\n\n<p>Der blev spillet 4. halvlege med 8 spil i hver.<br>Kampen sluttede med et sejr til Bridgeboys p\u00e5 164-121 IMP<br>og vi f\u00e5r igen vores klub p\u00e5 pokalen.<\/p>\n\n\n\n<p>Den samlede stilling er nu 16-11<\/p>\n\n\n\n<ul class=\"wp-block-list\">\n<li>Links:<\/li>\n\n\n\n<li><a href=\"https:\/\/drive.google.com\/file\/d\/1K11X9JArlkJsyH-Gax-3-U10aQvo89li\/view?usp=sharing\" target=\"_blank\" rel=\"noreferrer noopener\">1. kamp \u2013 8 spil<\/a><\/li>\n\n\n\n<li><a href=\"https:\/\/drive.google.com\/file\/d\/1Eb-0SQdw9_z9kMe90NcZMwnrNzmaXcG5\/view?usp=sharing\">2. kamp \u2013 8 spil<\/a><\/li>\n\n\n\n<li><a href=\"https:\/\/drive.google.com\/file\/d\/1-wRqpjoIt9zyK0pVkK7_RjXN_SQwhlZU\/view?usp=sharing\">3. kamp \u2013 8 spil<\/a><\/li>\n\n\n\n<li><a href=\"https:\/\/drive.google.com\/file\/d\/1serW19M3kDV3gfs8Ja4hwCcgVG7tPUOx\/view?usp=sharing\" target=\"_blank\" rel=\"noreferrer noopener\">4. kamp \u2013 8 spil<\/a><\/li>\n<\/ul>\n\n\n\n<p>Kampen blev ogs\u00e5 omtalt i CMN (Charles M@il News)<br><a href=\"https:\/\/drive.google.com\/file\/d\/1JBvm_dIIVoBpwKCvX6IfBfTAp5NnXR8i\/view?usp=sharing\"><mark style=\"background-color:rgba(0, 0, 0, 0)\" class=\"has-inline-color has-vivid-cyan-blue-color\"><strong>se i dette link<\/strong><\/mark><\/a><\/p>\n<\/div>\n\n\n\n<div class=\"wp-block-column is-layout-flow wp-block-column-is-layout-flow\" style=\"flex-basis:33.33%\">\n<ul class=\"wp-block-list\">\n<li>Tidligere kampe<\/li>\n\n\n\n<li><a href=\"https:\/\/drive.google.com\/file\/d\/1glelIM1wTo1TiouSjseYqiKUDMMXc9d4\/view?usp=sharing\" data-type=\"link\" data-id=\"https:\/\/drive.google.com\/file\/d\/1glelIM1wTo1TiouSjseYqiKUDMMXc9d4\/view?usp=sharing\" target=\"_blank\" rel=\"noreferrer noopener\">18-01-2025<\/a><\/li>\n<\/ul>\n<\/div>\n<\/div>\n\n\n\n<p>_________________________________________________________________________________<br>2017 lykkedes det for Niels og Aage at vinde en slem med kun \u00e9t af 5 esser.<br>Spillet kom i diverse aviser&#x1f612;&#x1f644;<br><a href=\"https:\/\/drive.google.com\/file\/d\/16IMrG9zbsbDnnGgBvu-P-fB12Ey_IVY4\/view?usp=sharing\" target=\"_blank\" rel=\"noreferrer noopener\"><mark style=\"background-color:rgba(0, 0, 0, 0)\" class=\"has-inline-color has-vivid-cyan-blue-color\">Spil 24 kan ses her<\/mark><\/a><\/p>\n","protected":false},"excerpt":{"rendered":"<p>Den 3. januar 2026 spillede vi \u00e5rets vigtigste kamp.Kampen mellem Bridgeboys og Dalgas Knights Det var 27. gang kampen blev spillet Der blev spillet 4. halvlege med 8 spil i hver.Kampen sluttede med et sejr til Bridgeboys p\u00e5 164-121 IMPog <span class=\"excerpt-dots\">&hellip;<\/span> <a class=\"more-link\" href=\"https:\/\/www.bridgeboys.dk\/?page_id=74\"><span class=\"more-msg\">L\u00e6s resten &rarr;<\/span><\/a><\/p>\n","protected":false},"author":1,"featured_media":0,"parent":0,"menu_order":0,"comment_status":"closed","ping_status":"closed","template":"","meta":{"footnotes":""},"class_list":["post-74","page","type-page","status-publish","hentry"],"_links":{"self":[{"href":"https:\/\/www.bridgeboys.dk\/index.php?rest_route=\/wp\/v2\/pages\/74","targetHints":{"allow":["GET"]}}],"collection":[{"href":"https:\/\/www.bridgeboys.dk\/index.php?rest_route=\/wp\/v2\/pages"}],"about":[{"href":"https:\/\/www.bridgeboys.dk\/index.php?rest_route=\/wp\/v2\/types\/page"}],"author":[{"embeddable":true,"href":"https:\/\/www.bridgeboys.dk\/index.php?rest_route=\/wp\/v2\/users\/1"}],"replies":[{"embeddable":true,"href":"https:\/\/www.bridgeboys.dk\/index.php?rest_route=%2Fwp%2Fv2%2Fcomments&post=74"}],"version-history":[{"count":5,"href":"https:\/\/www.bridgeboys.dk\/index.php?rest_route=\/wp\/v2\/pages\/74\/revisions"}],"predecessor-version":[{"id":86,"href":"https:\/\/www.bridgeboys.dk\/index.php?rest_route=\/wp\/v2\/pages\/74\/revisions\/86"}],"wp:attachment":[{"href":"https:\/\/www.bridgeboys.dk\/index.php?rest_route=%2Fwp%2Fv2%2Fmedia&parent=74"}],"curies":[{"name":"wp","href":"https:\/\/api.w.org\/{rel}","templated":true}]}}